{"id":5710,"date":"2023-08-25T14:03:43","date_gmt":"2023-08-25T12:03:43","guid":{"rendered":"http:\/\/scanlab.pl\/scanners\/medit-i500\/"},"modified":"2023-10-05T10:54:49","modified_gmt":"2023-10-05T08:54:49","slug":"medit-i500","status":"publish","type":"page","link":"https:\/\/scanlab.pl\/en\/scanners\/medit-i500\/","title":{"rendered":"Medit i500"},"content":{"rendered":"<p><section data-bb-version=\"4.6.1\" id=\"bt_bb_section69e88c0e973eb\" class=\"bt_bb_section bt_bb_color_scheme_1 bt_bb_layout_boxed_1200 bt_bb_vertical_align_top bt_bb_bottom_section_coverage_image bt_bb_section_with_bottom_coverage_image bt_bb_top_spacing_large bt_bb_bottom_spacing_30 bt_bb_animation_fade_in move_up animate\" style=\"; --section-primary-color:#ffffff; --section-secondary-color:#191919;\" data-bt-override-class=\"{&quot;bt_bb_top_spacing_&quot;:{&quot;current_class&quot;:&quot;bt_bb_top_spacing_large&quot;,&quot;def&quot;:&quot;large&quot;},&quot;bt_bb_bottom_spacing_&quot;:{&quot;current_class&quot;:&quot;bt_bb_bottom_spacing_30&quot;,&quot;def&quot;:&quot;30&quot;}}\"><div class=\"bt_bb_background_image_holder_wrapper\"><div class=\"bt_bb_background_image_holder bt_bb_parallax\"  data-parallax=\"0.6\" data-parallax-offset=\"0\" data-parallax-zoom-start=\"1\" data-parallax-zoom-end=\"1\" data-parallax-blur-start=\"0\" data-parallax-blur-end=\"0\" data-parallax-opacity-start=\"1\" data-parallax-opacity-end=\"1\" style=\" background-image:url(&#039;https:\/\/scanlab.pl\/wp-content\/uploads\/2023\/08\/bg-header-2.jpg&#039;);\"><\/div><\/div><div class=\"bt_bb_port\"><div class=\"bt_bb_cell\"><div class=\"bt_bb_cell_inner\"><div class=\"bt_bb_row \"  data-bt-override-class=\"{}\"><div class=\"bt_bb_row_holder\" ><div data-bb-version=\"4.6.1\"  class=\"bt_bb_column col-xxl-12 col-xl-12 col-xs-12 col-sm-12 col-md-12 col-lg-12 bt_bb_vertical_align_middle bt_bb_align_center bt_bb_padding_normal bt_bb_animation_fade_in move_up animate bt_bb_details-color_white\" style=\"; --column-width:12;\" data-width=\"12\" data-bt-override-class=\"{&quot;bt_bb_align_&quot;:{&quot;current_class&quot;:&quot;bt_bb_align_center&quot;,&quot;def&quot;:&quot;center&quot;},&quot;bt_bb_padding_&quot;:{&quot;current_class&quot;:&quot;bt_bb_padding_normal&quot;,&quot;def&quot;:&quot;normal&quot;}}\"><div class=\"bt_bb_column_content\"><div class=\"bt_bb_column_content_inner\"><div data-bb-version=\"4.6.1\" class=\"bt_bb_separator bt_bb_border_style_none bt_bb_border_color_none bt_bb_top_spacing_none bt_bb_bottom_spacing_medium\" data-bt-override-class=\"{&quot;bt_bb_top_spacing_&quot;:{&quot;current_class&quot;:&quot;bt_bb_top_spacing_none&quot;,&quot;def&quot;:&quot;none&quot;},&quot;bt_bb_bottom_spacing_&quot;:{&quot;current_class&quot;:&quot;bt_bb_bottom_spacing_medium&quot;,&quot;def&quot;:&quot;medium&quot;}}\"><\/div><header data-bb-version=\"4.6.1\" class=\"bt_bb_headline bt_bb_subheadline_text_transform_default bt_bb_dash_none bt_bb_size_large bt_bb_align_inherit\" data-bt-override-class=\"{&quot;bt_bb_size_&quot;:{&quot;current_class&quot;:&quot;bt_bb_size_large&quot;,&quot;def&quot;:&quot;large&quot;},&quot;bt_bb_align_&quot;:{&quot;current_class&quot;:&quot;bt_bb_align_inherit&quot;,&quot;def&quot;:&quot;inherit&quot;}}\"><h1 class=\"bt_bb_headline_tag\"><span class=\"bt_bb_headline_content\"><span>Medit i500<\/span><\/span><\/h1><\/header><div data-bb-version=\"4.6.1\" class=\"bt_bb_separator bt_bb_border_style_none bt_bb_border_color_none bt_bb_top_spacing_none bt_bb_bottom_spacing_large\" data-bt-override-class=\"{&quot;bt_bb_top_spacing_&quot;:{&quot;current_class&quot;:&quot;bt_bb_top_spacing_none&quot;,&quot;def&quot;:&quot;none&quot;},&quot;bt_bb_bottom_spacing_&quot;:{&quot;current_class&quot;:&quot;bt_bb_bottom_spacing_large&quot;,&quot;def&quot;:&quot;large&quot;}}\"><\/div><div class=\"bt_bb_raw_content\"><div class=\"scrolldown\"><svg width=\"40px\" height=\"100%\" viewBox=\"0 0 247 390\" version=\"1.1\" xmlns=\"http:\/\/www.w3.org\/2000\/svg\" xmlns:xlink=\"http:\/\/www.w3.org\/1999\/xlink\" style=\"fill-rule:evenodd;clip-rule:evenodd;stroke-linecap:round;stroke-linejoin:round;stroke-miterlimit:1.5;\">\n\t<path id=\"wheel\" d=\"M123.359,79.775l0,72.843\" style=\"fill:none;stroke:#fff;stroke-width:20px;\"\/>\n\t<path id=\"mouse\" d=\"M236.717,123.359c0,-62.565 -50.794,-113.359 -113.358,-113.359c-62.565,0 -113.359,50.794 -113.359,113.359l0,143.237c0,62.565 50.794,113.359 113.359,113.359c62.564,0 113.358,-50.794 113.358,-113.359l0,-143.237Z\" style=\"fill:none;stroke:#fff;stroke-width:20px;\"\/>\n<\/svg>\n<span>Scroll down<\/span>\n<\/div><\/div><\/div><\/div><\/div><\/div><\/div><\/div><!-- cell_inner --><\/div><!-- cell --><\/div><!-- port --><div class=\"bt_bb_section_bottom_section_coverage_image\"><img decoding=\"async\" src=\"https:\/\/scanlab.pl\/wp-content\/uploads\/2020\/05\/bottom-cover.png\" alt=\"bt_bb_section_bottom_section_coverage_image\" \/><\/div><\/section><section data-bb-version=\"4.6.1\" id=\"bt_bb_section69e88c0e9d3ab\" class=\"bt_bb_section bt_bb_layout_boxed_1200 bt_bb_vertical_align_top bt_bb_top_spacing_50 bt_bb_bottom_spacing_50\"  data-bt-override-class=\"{&quot;bt_bb_top_spacing_&quot;:{&quot;current_class&quot;:&quot;bt_bb_top_spacing_50&quot;,&quot;def&quot;:&quot;50&quot;},&quot;bt_bb_bottom_spacing_&quot;:{&quot;current_class&quot;:&quot;bt_bb_bottom_spacing_50&quot;,&quot;def&quot;:&quot;50&quot;}}\"><div class=\"bt_bb_background_image_holder_wrapper\"><div class=\"bt_bb_background_image_holder btLazyLoadBackground bt_bb_parallax\"  data-background_image_src=\"https:\/\/scanlab.pl\/wp-content\/uploads\/2023\/08\/bg-sect2.png\" data-parallax=\"1.2\" data-parallax-offset=\"0\" data-parallax-zoom-start=\"1\" data-parallax-zoom-end=\"1\" data-parallax-blur-start=\"0\" data-parallax-blur-end=\"0\" data-parallax-opacity-start=\"1\" data-parallax-opacity-end=\"1\" style=\" background-image: url(&#039;https:\/\/scanlab.pl\/wp-content\/plugins\/bold-page-builder\/img\/blank.gif&#039;);\"><\/div><\/div><div class=\"bt_bb_port\"><div class=\"bt_bb_cell\"><div class=\"bt_bb_cell_inner\"><div class=\"bt_bb_row \"  data-bt-override-class=\"{}\"><div class=\"bt_bb_row_holder\" ><div data-bb-version=\"4.6.1\"  class=\"bt_bb_column col-xxl-4 col-xl-4 col-xs-12 col-sm-12 col-md-12 col-lg-4 bt_bb_vertical_align_top bt_bb_align_left bt_bb_order_xl_1 bt_bb_order_lg_1 bt_bb_order_md_1 bt_bb_order_sm_2 bt_bb_order_xs_2 bt_bb_padding_20 bt_bb_animation_fade_in move_up animate bt_bb_details-color_white\" style=\"; --column-width:4;\" data-width=\"4\" data-bt-override-class=\"{&quot;bt_bb_align_&quot;:{&quot;current_class&quot;:&quot;bt_bb_align_left&quot;,&quot;def&quot;:&quot;left&quot;},&quot;bt_bb_padding_&quot;:{&quot;current_class&quot;:&quot;bt_bb_padding_20&quot;,&quot;def&quot;:&quot;20&quot;}}\"><div class=\"bt_bb_column_content\" style=\"background-color:rgb(244,244,244);\"><div class=\"bt_bb_column_content_inner\"><div data-bb-version=\"4.6.1\" class=\"bt_bb_separator bt_bb_border_style_none bt_bb_border_color_none bt_bb_top_spacing_none bt_bb_bottom_spacing_30\" data-bt-override-class=\"{&quot;bt_bb_top_spacing_&quot;:{&quot;current_class&quot;:&quot;bt_bb_top_spacing_none&quot;,&quot;def&quot;:&quot;none&quot;},&quot;bt_bb_bottom_spacing_&quot;:{&quot;current_class&quot;:&quot;bt_bb_bottom_spacing_30&quot;,&quot;def&quot;:&quot;30&quot;}}\"><\/div><div data-bb-version=\"4.6.1\"  class=\"bt_bb_text\" ><\/p>\n<p><strong>Other scanners on offer:<\/strong><\/p>\n<p>\n<\/div><div data-bb-version=\"4.6.1\" class=\"bt_bb_separator bt_bb_border_style_none bt_bb_border_color_none bt_bb_top_spacing_none bt_bb_bottom_spacing_30\" data-bt-override-class=\"{&quot;bt_bb_top_spacing_&quot;:{&quot;current_class&quot;:&quot;bt_bb_top_spacing_none&quot;,&quot;def&quot;:&quot;none&quot;},&quot;bt_bb_bottom_spacing_&quot;:{&quot;current_class&quot;:&quot;bt_bb_bottom_spacing_30&quot;,&quot;def&quot;:&quot;30&quot;}}\"><\/div><div data-bb-version=\"4.6.1\" class=\" bt_bb_row_inner\"   data-bt-override-class=\"{}\"><div class=\"bt_bb_row_inner_holder\"  ><div data-bb-version=\"4.6.1\"  class=\"bt_bb_column_inner col-xxl-4 col-xl-4 col-xs-12 col-sm-12 col-md-12 col-lg-4 bt_bb_vertical_align_top bt_bb_align_left bt_bb_padding_normal\"  data-width=\"4\" data-bt-override-class=\"{}\"><div class=\"bt_bb_column_inner_content\"><div class=\"bt_bb_column_inner_content_inner\"><div data-bb-version=\"4.6.1\" class=\"bt_bb_image bt_bb_shape_hexagon bt_bb_align_inherit bt_bb_hover_style_simple bt_bb_content_display_always bt_bb_content_align_middle\" data-bt-override-class=\"{&quot;bt_bb_align_&quot;:{&quot;current_class&quot;:&quot;bt_bb_align_inherit&quot;,&quot;def&quot;:&quot;inherit&quot;}}\"><a href=\"http:\/\/scanlab.pl\/skanery\/medit-i500\/\"  target=\"_self\" title=\"medit-r-2\"><img src = \"https:\/\/scanlab.pl\/wp-content\/plugins\/bold-page-builder\/img\/blank.gif\" data-full_image_src=\"https:\/\/scanlab.pl\/wp-content\/uploads\/2023\/08\/medit-r-2.jpg\" data-image_src=\"https:\/\/scanlab.pl\/wp-content\/uploads\/2023\/08\/medit-r-2-640x640.jpg\" title=\"medit-r-2\" alt=\"https:\/\/scanlab.pl\/wp-content\/uploads\/2023\/08\/medit-r-2-640x640.jpg\" class=\"btLazyLoadImage\"><\/a><\/div><\/div><\/div><\/div><div data-bb-version=\"4.6.1\"  class=\"bt_bb_column_inner col-xxl-8 col-xl-8 col-xs-12 col-sm-12 col-md-12 col-lg-8 bt_bb_vertical_align_middle bt_bb_align_left bt_bb_padding_normal\"  data-width=\"8\" data-bt-override-class=\"{&quot;bt_bb_align_&quot;:{&quot;current_class&quot;:&quot;bt_bb_align_left&quot;,&quot;def&quot;:&quot;left&quot;},&quot;bt_bb_padding_&quot;:{&quot;current_class&quot;:&quot;bt_bb_padding_normal&quot;,&quot;def&quot;:&quot;normal&quot;}}\"><div class=\"bt_bb_column_inner_content\"><div class=\"bt_bb_column_inner_content_inner\"><div data-bb-version=\"4.6.1\"  class=\"bt_bb_text\" ><\/p>\n<h4 class=\"bt_bb_headline_tag\"><a href=\"http:\/\/scanlab.pl\/en\/scanners\/sirona-omnicam-2-0\/\">Sirona OMNICAM 2.0<\/a><\/h4>\n<p>\n<\/div><\/div><\/div><\/div><\/div><\/div><div data-bb-version=\"4.6.1\" class=\"bt_bb_separator bt_bb_border_style_none bt_bb_border_color_none bt_bb_top_spacing_none bt_bb_bottom_spacing_30\" data-bt-override-class=\"{&quot;bt_bb_top_spacing_&quot;:{&quot;current_class&quot;:&quot;bt_bb_top_spacing_none&quot;,&quot;def&quot;:&quot;none&quot;},&quot;bt_bb_bottom_spacing_&quot;:{&quot;current_class&quot;:&quot;bt_bb_bottom_spacing_30&quot;,&quot;def&quot;:&quot;30&quot;}}\"><\/div><div data-bb-version=\"4.6.1\" class=\" bt_bb_row_inner\"   data-bt-override-class=\"{}\"><div class=\"bt_bb_row_inner_holder\"  ><div data-bb-version=\"4.6.1\"  class=\"bt_bb_column_inner col-xxl-4 col-xl-4 col-xs-12 col-sm-12 col-md-12 col-lg-4 bt_bb_vertical_align_top bt_bb_align_left bt_bb_padding_normal\"  data-width=\"4\" data-bt-override-class=\"{}\"><div class=\"bt_bb_column_inner_content\"><div class=\"bt_bb_column_inner_content_inner\"><div data-bb-version=\"4.6.1\" class=\"bt_bb_image bt_bb_shape_hexagon bt_bb_align_inherit bt_bb_hover_style_simple bt_bb_content_display_always bt_bb_content_align_middle\" data-bt-override-class=\"{&quot;bt_bb_align_&quot;:{&quot;current_class&quot;:&quot;bt_bb_align_inherit&quot;,&quot;def&quot;:&quot;inherit&quot;}}\"><a href=\"http:\/\/scanlab.pl\/en\/scanners\/cameo\/\"  target=\"_self\" title=\"medit-r-3\"><img src = \"https:\/\/scanlab.pl\/wp-content\/plugins\/bold-page-builder\/img\/blank.gif\" data-full_image_src=\"https:\/\/scanlab.pl\/wp-content\/uploads\/2023\/08\/medit-r-3.jpg\" data-image_src=\"https:\/\/scanlab.pl\/wp-content\/uploads\/2023\/08\/medit-r-3-640x640.jpg\" title=\"medit-r-3\" alt=\"https:\/\/scanlab.pl\/wp-content\/uploads\/2023\/08\/medit-r-3-640x640.jpg\" class=\"btLazyLoadImage\"><\/a><\/div><\/div><\/div><\/div><div data-bb-version=\"4.6.1\"  class=\"bt_bb_column_inner col-xxl-8 col-xl-8 col-xs-12 col-sm-12 col-md-12 col-lg-8 bt_bb_vertical_align_middle bt_bb_align_left bt_bb_padding_normal\"  data-width=\"8\" data-bt-override-class=\"{&quot;bt_bb_align_&quot;:{&quot;current_class&quot;:&quot;bt_bb_align_left&quot;,&quot;def&quot;:&quot;left&quot;},&quot;bt_bb_padding_&quot;:{&quot;current_class&quot;:&quot;bt_bb_padding_normal&quot;,&quot;def&quot;:&quot;normal&quot;}}\"><div class=\"bt_bb_column_inner_content\"><div class=\"bt_bb_column_inner_content_inner\"><div data-bb-version=\"4.6.1\"  class=\"bt_bb_text\" ><\/p>\n<h4 class=\"bt_bb_headline_tag\"><a href=\"http:\/\/scanlab.pl\/en\/scanners\/cameo\/\">Cameo elegant 3<\/a><\/h4>\n<p>\n<\/div><\/div><\/div><\/div><\/div><\/div><div data-bb-version=\"4.6.1\" class=\"bt_bb_separator bt_bb_border_style_none bt_bb_border_color_none bt_bb_top_spacing_none bt_bb_bottom_spacing_30\" data-bt-override-class=\"{&quot;bt_bb_top_spacing_&quot;:{&quot;current_class&quot;:&quot;bt_bb_top_spacing_none&quot;,&quot;def&quot;:&quot;none&quot;},&quot;bt_bb_bottom_spacing_&quot;:{&quot;current_class&quot;:&quot;bt_bb_bottom_spacing_30&quot;,&quot;def&quot;:&quot;30&quot;}}\"><\/div><\/div><\/div><\/div><div data-bb-version=\"4.6.1\"  class=\"bt_bb_column col-xxl-8 col-xl-8 col-xs-12 col-sm-12 col-md-12 col-lg-8 bt_bb_vertical_align_top bt_bb_align_left bt_bb_order_xl_2 bt_bb_order_lg_2 bt_bb_order_md_2 bt_bb_order_sm_1 bt_bb_order_xs_1 bt_bb_padding_normal bt_bb_animation_fade_in move_up animate bt_bb_details-color_white\" style=\"; --column-width:8;\" data-width=\"8\" data-bt-override-class=\"{&quot;bt_bb_align_&quot;:{&quot;current_class&quot;:&quot;bt_bb_align_left&quot;,&quot;def&quot;:&quot;left&quot;},&quot;bt_bb_padding_&quot;:{&quot;current_class&quot;:&quot;bt_bb_padding_normal&quot;,&quot;def&quot;:&quot;normal&quot;}}\"><div class=\"bt_bb_column_content\"><div class=\"bt_bb_column_content_inner\"><div data-bb-version=\"4.6.1\" class=\" bt_bb_row_inner\"   data-bt-override-class=\"{}\"><div class=\"bt_bb_row_inner_holder\"  ><div data-bb-version=\"4.6.1\"  class=\"bt_bb_column_inner col-xxl-4 col-xl-4 col-xs-12 col-sm-12 col-md-12 col-lg-4 bt_bb_vertical_align_top bt_bb_align_left bt_bb_padding_normal\"  data-width=\"4\" data-bt-override-class=\"{}\"><div class=\"bt_bb_column_inner_content\"><div class=\"bt_bb_column_inner_content_inner\"><div data-bb-version=\"4.6.1\" class=\"bt_bb_image bt_bb_shape_hexagon bt_bb_align_inherit bt_bb_hover_style_simple bt_bb_content_display_always bt_bb_content_align_middle\" data-bt-override-class=\"{&quot;bt_bb_align_&quot;:{&quot;current_class&quot;:&quot;bt_bb_align_inherit&quot;,&quot;def&quot;:&quot;inherit&quot;}}\"><span><img src = \"https:\/\/scanlab.pl\/wp-content\/plugins\/bold-page-builder\/img\/blank.gif\" data-full_image_src=\"https:\/\/scanlab.pl\/wp-content\/uploads\/2023\/08\/medit-r-2-1.jpg\" data-image_src=\"https:\/\/scanlab.pl\/wp-content\/uploads\/2023\/08\/medit-r-2-1-640x640.jpg\" title=\"medit-r-2\" alt=\"https:\/\/scanlab.pl\/wp-content\/uploads\/2023\/08\/medit-r-2-1-640x640.jpg\" class=\"btLazyLoadImage\"><\/span><\/div><div data-bb-version=\"4.6.1\" class=\"bt_bb_separator bt_bb_border_style_none bt_bb_border_color_none bt_bb_top_spacing_none bt_bb_bottom_spacing_30\" data-bt-override-class=\"{&quot;bt_bb_top_spacing_&quot;:{&quot;current_class&quot;:&quot;bt_bb_top_spacing_none&quot;,&quot;def&quot;:&quot;none&quot;},&quot;bt_bb_bottom_spacing_&quot;:{&quot;current_class&quot;:&quot;bt_bb_bottom_spacing_30&quot;,&quot;def&quot;:&quot;30&quot;}}\"><\/div><\/div><\/div><\/div><div data-bb-version=\"4.6.1\"  class=\"bt_bb_column_inner col-xxl-8 col-xl-8 col-xs-12 col-sm-12 col-md-12 col-lg-8 bt_bb_vertical_align_middle bt_bb_align_left bt_bb_padding_normal\"  data-width=\"8\" data-bt-override-class=\"{&quot;bt_bb_align_&quot;:{&quot;current_class&quot;:&quot;bt_bb_align_left&quot;,&quot;def&quot;:&quot;left&quot;},&quot;bt_bb_padding_&quot;:{&quot;current_class&quot;:&quot;bt_bb_padding_normal&quot;,&quot;def&quot;:&quot;normal&quot;}}\"><div class=\"bt_bb_column_inner_content\"><div class=\"bt_bb_column_inner_content_inner\"><div data-bb-version=\"4.6.1\"  class=\"bt_bb_text\" ><\/p>\n<h4 class=\"bt_bb_headline_tag\">Medit i500<\/h4>\n<p>\n<\/div><\/div><\/div><\/div><\/div><\/div><div data-bb-version=\"4.6.1\" class=\"bt_bb_separator bt_bb_border_style_none bt_bb_border_color_none bt_bb_top_spacing_none bt_bb_bottom_spacing_30\" data-bt-override-class=\"{&quot;bt_bb_top_spacing_&quot;:{&quot;current_class&quot;:&quot;bt_bb_top_spacing_none&quot;,&quot;def&quot;:&quot;none&quot;},&quot;bt_bb_bottom_spacing_&quot;:{&quot;current_class&quot;:&quot;bt_bb_bottom_spacing_30&quot;,&quot;def&quot;:&quot;30&quot;}}\"><\/div><div data-bb-version=\"4.6.1\"  class=\"bt_bb_text\" ><\/p>\n<p><b>Medit i500<\/b> <span style=\"font-weight: 400\">intraoral scanner<\/span><span style=\"font-weight: 400\"> is high performance, productivity and an attractive price. Otwarta architektura i intuicyjna obs\u0142uga sprawi, \u017ce integracja skanera w Twojej klinice b\u0119dzie przyjemno\u015bci\u0105. Medit i500 zosta\u0142 stworzony, by zwi\u0119kszy\u0107 warto\u015b\u0107 Twojej praktyki niezale\u017cnie od specjalizacji, Skaner wewn\u0105trzustny Medit i500 spe\u0142ni Twoje potrzeby, zoptymalizuje przep\u0142ywu pracy i zagwarantuje elastyczno\u015b\u0107 dzia\u0142ania.<\/span><\/p>\n<p><b>ZALETY SKANERA WEWN\u0118TRZUSTNEGO CAMEO <\/b><span style=\"font-weight: 400\"> <\/span><\/p>\n<p><b>Elastyczno\u015b\u0107<\/b><b><br \/><\/b><span style=\"font-weight: 400\">Otwarta architektura oprogramowania pozwala na eksport plik\u00f3w STL, co zapewnia p\u0142ynn\u0105 wsp\u00f3\u0142prac\u0119 z dowolnym system CAD\/CAM.<\/span><\/p>\n<p><b>Imponuj\u0105ca pr\u0119dko\u015b\u0107<\/b><b><br \/><\/b><span style=\"font-weight: 400\">Inteligentny algorytm skanowania z dwoma szybkimi kamerami, zapewnia p\u0142ynne i b\u0142yskawiczne skanowanie wewn\u0105trzustne.<\/span><\/p>\n<p><b>Bezproszkowy<\/b><b><br \/><\/b><span style=\"font-weight: 400\">Bezproszkowy proces skanowania zwi\u0119ksza komfort pacjenta i skraca czas wizyty.<\/span><\/p>\n<p><b>Ma\u0142a ko\u0144c\u00f3wka<\/b><span style=\"font-weight: 400\"><br \/><\/span><span style=\"font-weight: 400\">Ma\u0142a ko\u0144c\u00f3wka skanuj\u0105ca Medit i500 jest korzystna zar\u00f3wno dla u\u017cytkownika, jak i dla pacjenta \u2013<\/span><span style=\"font-weight: 400\"><br \/><\/span><span style=\"font-weight: 400\">u\u0142atwia manewrowanie, a pacjent nie odczuwa dyskomfortu.<\/span><\/p>\n<p><b><\/b><b>Wysoka rozdzielczo\u015b\u0107<\/b><span style=\"font-weight: 400\"><br \/><\/span><span style=\"font-weight: 400\">Medit i500 tworzy realistyczne obrazy o wysokiej rozdzielczo\u015bci i bogactwie szczeg\u00f3\u0142\u00f3w, pozwalaj\u0105c na \u0142atwe odr\u00f3\u017cnienie struktury z\u0119ba od tkanki mi\u0119kkiej, a tak\u017ce na identyfikacj\u0119 linii preparacji i podcieni.<\/span><\/p>\n<p><b>Wysoka dok\u0142adno\u015b\u0107<\/b><\/p>\n<table>\n<tbody>\n<tr>\n<td rowspan=\"2\"> <\/td>\n<td colspan=\"2\"><span style=\"font-weight: 400\">In Vitro*<\/span><\/td>\n<td rowspan=\"2\"><span style=\"font-weight: 400\">In Vivo**<\/span><\/td>\n<\/tr>\n<tr>\n<td><span style=\"font-weight: 400\">Odtwarzalno\u015b\u0107<\/span><\/td>\n<td><span style=\"font-weight: 400\">Precyzja<\/span><\/td>\n<\/tr>\n<tr>\n<td><span style=\"font-weight: 400\">Punkt<\/span><\/td>\n<td><span style=\"font-weight: 400\">5.3\u03bcm \u00b1 0.34<\/span><\/td>\n<td><span style=\"font-weight: 400\">3.2\u03bcm \u00b1 0.49<\/span><\/td>\n<td><span style=\"font-weight: 400\">10\u03bcm<\/span><\/td>\n<\/tr>\n<tr>\n<td><span style=\"font-weight: 400\">\u0106wiartka<\/span><\/td>\n<td><span style=\"font-weight: 400\">17.3\u03bcm \u00b1 0.43<\/span><\/td>\n<td><span style=\"font-weight: 400\">6.3\u03bcm \u00b1 0.63<\/span><\/td>\n<td><span style=\"font-weight: 400\">25\u03bcm<\/span><\/td>\n<\/tr>\n<tr>\n<td><span style=\"font-weight: 400\">\u0141uk<\/span><\/td>\n<td><span style=\"font-weight: 400\">21.0\u03bcm \u00b1 1.48<\/span><\/td>\n<td><span style=\"font-weight: 400\">22.6\u03bcm \u00b1 7.55<\/span><\/td>\n<td><span style=\"font-weight: 400\">50\u03bcm<\/span><\/td>\n<\/tr>\n<\/tbody>\n<\/table>\n<p><span style=\"font-weight: 400\">* Test dok\u0142adno\u015bci in vitro zosta\u0142 przeprowadzony przez Yonsei University College of Dentistry zgodnie z metodami przedstawionymi w cz\u0119\u015bci \u201eAnaliza por\u00f3wnawcza dok\u0142adno\u015bci danych skanowania pojedynczego z\u0119ba, \u0107wiartkii pe\u0142nego \u0142uku mi\u0119dzy dwoma typami skanera wewn\u0105trzustnego, i500 i Trios 3 \u201dJi-Man Park, 19 grudnia 2018 r.<\/span><span style=\"font-weight: 400\"><br \/><\/span><span style=\"font-weight: 400\">** Test dok\u0142adno\u015bci in vivo zosta\u0142 przeprowadzony przez Medit.<\/span><\/p>\n<p><b><\/b><b>Skanowanie wideo<\/b><span style=\"font-weight: 400\"><br \/><\/span><span style=\"font-weight: 400\">W Medit i500 skanowanie oparte jest o rejestr wideo \u2013 skaner w kr\u00f3tkim czasie przechwytuje wi\u0119cej danych. Obraz rejestrowany jest w ten spos\u00f3b przez dwie kamery, daj\u0105c bardziej szczeg\u00f3\u0142owe i wyra\u017ane rezultaty.<\/span><\/p>\n<p><b><\/b><b>Lekki<\/b><span style=\"font-weight: 400\"><br \/><\/span><span style=\"font-weight: 400\">Skanowanie mo\u017ce by\u0107 niewygodne i m\u0119cz\u0105ce, zw\u0142aszcza je\u015bli u\u017cywasz ci\u0119\u017ckiego skanera. <\/span><span style=\"font-weight: 400\"><br \/><\/span><span style=\"font-weight: 400\">Wyeliminowali\u015bmy ten problem w skanerze Medit i500. Dzi\u0119ki lekkiej i ergonomicznej g\u0142owicy skanuj\u0105cej, Twoja praca b\u0119dzie bardzo wygodna.<\/span><\/p>\n<p><b><\/b><b>\u017bywe kolory<\/b><span style=\"font-weight: 400\"><br \/><\/span><span style=\"font-weight: 400\">Skaner wewn\u0105trzustny Medit i500 rejestruje precyzyjne kolory, kt\u00f3re pozwalaj\u0105 rozr\u00f3\u017cni\u0107 tkank\u0119 mi\u0119kka, p\u0142ytk\u0119 naz\u0119bn\u0105 i z\u0119by.<\/span><\/p>\n<p><b><\/b><b>Sterowanie jednym przyciskiem<\/b><span style=\"font-weight: 400\"><br \/><\/span><span style=\"font-weight: 400\">Pojedynczy przycisk skanera Medit i500 umo\u017cliwia u\u017cytkownikowi rozpocz\u0119cie i zatrzymanie skanowania w dowolnym momencie, bez konieczno\u015bci si\u0119gania do komputera. Naci\u015bnij przycisk raz, aby rozpocz\u0105\u0107 skanowanie lub je zatrzyma\u0107. Po zako\u0144czeniu skanowania przytrzymaj go, aby przej\u015b\u0107 do nast\u0119pnego etapu skanowania.<\/span><\/p>\n<p>\n<\/div><div data-bb-version=\"4.6.1\" class=\"bt_bb_separator bt_bb_border_style_none bt_bb_border_color_none bt_bb_top_spacing_none bt_bb_bottom_spacing_30\" data-bt-override-class=\"{&quot;bt_bb_top_spacing_&quot;:{&quot;current_class&quot;:&quot;bt_bb_top_spacing_none&quot;,&quot;def&quot;:&quot;none&quot;},&quot;bt_bb_bottom_spacing_&quot;:{&quot;current_class&quot;:&quot;bt_bb_bottom_spacing_30&quot;,&quot;def&quot;:&quot;30&quot;}}\"><\/div><div data-bb-version=\"4.6.1\" class=\"bt_bb_button bt_bb_color_scheme_6 bt_bb_icon_position_left bt_bb_style_filled bt_bb_size_medium bt_bb_width_inline bt_bb_shape_inherit bt_bb_target_self bt_bb_text_transform_inherit bt_bb_align_inherit bt_bb_icon_color_scheme_4\" style=\"; --primary-color:#ffffff; --secondary-color:#ebab30;; --icon-primary-color:#ebab30; --icon-secondary-color:#ffffff;\" data-bt-override-class=\"{&quot;bt_bb_size_&quot;:{&quot;current_class&quot;:&quot;bt_bb_size_medium&quot;,&quot;def&quot;:&quot;medium&quot;},&quot;bt_bb_align_&quot;:{&quot;current_class&quot;:&quot;bt_bb_align_inherit&quot;,&quot;def&quot;:&quot;inherit&quot;}}\"><a href=\"http:\/\/scanlab.pl\/en\/rent-a-scanner\/\" target=\"_self\" class=\"bt_bb_link\" title=\"RENT A SCANNER\"><span class=\"bt_bb_button_text\" >RENT A SCANNER<\/span><\/a><\/div><div data-bb-version=\"4.6.1\" class=\"bt_bb_separator bt_bb_border_style_none bt_bb_border_color_none bt_bb_top_spacing_none bt_bb_bottom_spacing_30\" data-bt-override-class=\"{&quot;bt_bb_top_spacing_&quot;:{&quot;current_class&quot;:&quot;bt_bb_top_spacing_none&quot;,&quot;def&quot;:&quot;none&quot;},&quot;bt_bb_bottom_spacing_&quot;:{&quot;current_class&quot;:&quot;bt_bb_bottom_spacing_30&quot;,&quot;def&quot;:&quot;30&quot;}}\"><\/div><\/div><\/div><\/div><\/div><\/div><\/div><!-- cell_inner --><\/div><!-- cell --><\/div><!-- port --><\/section><\/p>\n","protected":false},"excerpt":{"rendered":"","protected":false},"author":8,"featured_media":0,"parent":5295,"menu_order":0,"comment_status":"closed","ping_status":"closed","template":"","meta":{"footnotes":""},"class_list":["post-5710","page","type-page","status-publish","hentry"],"_links":{"self":[{"href":"https:\/\/scanlab.pl\/en\/wp-json\/wp\/v2\/pages\/5710","targetHints":{"allow":["GET"]}}],"collection":[{"href":"https:\/\/scanlab.pl\/en\/wp-json\/wp\/v2\/pages"}],"about":[{"href":"https:\/\/scanlab.pl\/en\/wp-json\/wp\/v2\/types\/page"}],"author":[{"embeddable":true,"href":"https:\/\/scanlab.pl\/en\/wp-json\/wp\/v2\/users\/8"}],"replies":[{"embeddable":true,"href":"https:\/\/scanlab.pl\/en\/wp-json\/wp\/v2\/comments?post=5710"}],"version-history":[{"count":3,"href":"https:\/\/scanlab.pl\/en\/wp-json\/wp\/v2\/pages\/5710\/revisions"}],"predecessor-version":[{"id":5729,"href":"https:\/\/scanlab.pl\/en\/wp-json\/wp\/v2\/pages\/5710\/revisions\/5729"}],"up":[{"embeddable":true,"href":"https:\/\/scanlab.pl\/en\/wp-json\/wp\/v2\/pages\/5295"}],"wp:attachment":[{"href":"https:\/\/scanlab.pl\/en\/wp-json\/wp\/v2\/media?parent=5710"}],"curies":[{"name":"wp","href":"https:\/\/api.w.org\/{rel}","templated":true}]}}