{"id":5022,"date":"2023-08-09T16:05:56","date_gmt":"2023-08-09T14:05:56","guid":{"rendered":"http:\/\/scanlab.pl\/datenschutzrichtlinie\/"},"modified":"2024-08-25T14:12:12","modified_gmt":"2024-08-25T12:12:12","slug":"datenschutzbestimmungen","status":"publish","type":"page","link":"https:\/\/scanlab.pl\/de\/datenschutzbestimmungen\/","title":{"rendered":"Datenschutzrichtlinie"},"content":{"rendered":"<p><section data-bb-version=\"4.6.1\" id=\"bt_bb_section69e76186dee4f\" class=\"bt_bb_section bt_bb_color_scheme_1 bt_bb_layout_boxed_1200 bt_bb_vertical_align_top bt_bb_bottom_section_coverage_image bt_bb_section_with_bottom_coverage_image bt_bb_top_spacing_large bt_bb_bottom_spacing_30 small-xs\" style=\"; --section-primary-color:#ffffff; --section-secondary-color:#191919;\" data-bt-override-class=\"{&quot;bt_bb_top_spacing_&quot;:{&quot;current_class&quot;:&quot;bt_bb_top_spacing_large&quot;,&quot;def&quot;:&quot;large&quot;},&quot;bt_bb_bottom_spacing_&quot;:{&quot;current_class&quot;:&quot;bt_bb_bottom_spacing_30&quot;,&quot;def&quot;:&quot;30&quot;}}\"><div class=\"bt_bb_background_image_holder_wrapper\"><div class=\"bt_bb_background_image_holder bt_bb_parallax\"  data-parallax=\"0.7\" data-parallax-offset=\"0\" data-parallax-zoom-start=\"1\" data-parallax-zoom-end=\"1\" data-parallax-blur-start=\"0\" data-parallax-blur-end=\"0\" data-parallax-opacity-start=\"1\" data-parallax-opacity-end=\"1\" style=\" background-image:url(&#039;https:\/\/scanlab.pl\/wp-content\/uploads\/2020\/03\/hero-home2.jpg&#039;);\"><\/div><\/div><div class=\"bt_bb_port\"><div class=\"bt_bb_cell\"><div class=\"bt_bb_cell_inner\"><div class=\"bt_bb_row \"  data-bt-override-class=\"{}\"><div class=\"bt_bb_row_holder\" ><div data-bb-version=\"4.6.1\"  class=\"bt_bb_column col-xxl-12 col-xl-12 col-xs-12 col-sm-12 col-md-12 col-lg-12 bt_bb_vertical_align_middle bt_bb_align_center bt_bb_padding_normal bt_bb_animation_fade_in animate bt_bb_details-color_white\" style=\"; --column-width:12;\" data-width=\"12\" data-bt-override-class=\"{&quot;bt_bb_align_&quot;:{&quot;current_class&quot;:&quot;bt_bb_align_center&quot;,&quot;def&quot;:&quot;center&quot;},&quot;bt_bb_padding_&quot;:{&quot;current_class&quot;:&quot;bt_bb_padding_normal&quot;,&quot;def&quot;:&quot;normal&quot;}}\"><div class=\"bt_bb_column_content\"><div class=\"bt_bb_column_content_inner\"><div data-bb-version=\"4.6.1\" class=\"bt_bb_separator bt_bb_border_style_none bt_bb_border_color_none bt_bb_top_spacing_none bt_bb_bottom_spacing_medium\" data-bt-override-class=\"{&quot;bt_bb_top_spacing_&quot;:{&quot;current_class&quot;:&quot;bt_bb_top_spacing_none&quot;,&quot;def&quot;:&quot;none&quot;},&quot;bt_bb_bottom_spacing_&quot;:{&quot;current_class&quot;:&quot;bt_bb_bottom_spacing_medium&quot;,&quot;def&quot;:&quot;medium&quot;}}\"><\/div><header data-bb-version=\"4.6.1\" class=\"bt_bb_headline bt_bb_subheadline_text_transform_default bt_bb_dash_none bt_bb_subheadline bt_bb_size_large bt_bb_align_inherit\" data-bt-override-class=\"{&quot;bt_bb_size_&quot;:{&quot;current_class&quot;:&quot;bt_bb_size_large&quot;,&quot;def&quot;:&quot;large&quot;},&quot;bt_bb_align_&quot;:{&quot;current_class&quot;:&quot;bt_bb_align_inherit&quot;,&quot;def&quot;:&quot;inherit&quot;}}\"><h1 class=\"bt_bb_headline_tag\"><span class=\"bt_bb_headline_content\"><span>Polityka prywatno\u015bci<\/span><\/span><\/h1><div class=\"bt_bb_headline_subheadline\"> <\/div><\/header><div data-bb-version=\"4.6.1\" class=\"bt_bb_separator bt_bb_border_style_none bt_bb_border_color_none bt_bb_top_spacing_none bt_bb_bottom_spacing_large\" data-bt-override-class=\"{&quot;bt_bb_top_spacing_&quot;:{&quot;current_class&quot;:&quot;bt_bb_top_spacing_none&quot;,&quot;def&quot;:&quot;none&quot;},&quot;bt_bb_bottom_spacing_&quot;:{&quot;current_class&quot;:&quot;bt_bb_bottom_spacing_large&quot;,&quot;def&quot;:&quot;large&quot;}}\"><\/div><div class=\"bt_bb_raw_content\"><div class=\"scrolldown\"><svg width=\"40px\" height=\"100%\" viewBox=\"0 0 247 390\" version=\"1.1\" xmlns=\"http:\/\/www.w3.org\/2000\/svg\" xmlns:xlink=\"http:\/\/www.w3.org\/1999\/xlink\" style=\"fill-rule:evenodd;clip-rule:evenodd;stroke-linecap:round;stroke-linejoin:round;stroke-miterlimit:1.5;\">\n\t<path id=\"wheel\" d=\"M123.359,79.775l0,72.843\" style=\"fill:none;stroke:#fff;stroke-width:20px;\"\/>\n\t<path id=\"mouse\" d=\"M236.717,123.359c0,-62.565 -50.794,-113.359 -113.358,-113.359c-62.565,0 -113.359,50.794 -113.359,113.359l0,143.237c0,62.565 50.794,113.359 113.359,113.359c62.564,0 113.358,-50.794 113.358,-113.359l0,-143.237Z\" style=\"fill:none;stroke:#fff;stroke-width:20px;\"\/>\n<\/svg>\n<span>Scroll down<\/span>\n<\/div><\/div><\/div><\/div><\/div><\/div><\/div><\/div><!-- cell_inner --><\/div><!-- cell --><\/div><!-- port --><div class=\"bt_bb_section_bottom_section_coverage_image\"><img decoding=\"async\" src=\"https:\/\/scanlab.pl\/wp-content\/uploads\/2020\/05\/bottom-cover.png\" alt=\"bt_bb_section_bottom_section_coverage_image\" \/><\/div><\/section><section data-bb-version=\"4.6.1\" id=\"bt_bb_section69e76186df437\" class=\"bt_bb_section bt_bb_layout_boxed_1200\"  data-bt-override-class=\"null\"><div class=\"bt_bb_port\"><div class=\"bt_bb_cell\"><div class=\"bt_bb_cell_inner\"><div class=\"bt_bb_row \"  data-bt-override-class=\"{}\"><div class=\"bt_bb_row_holder\" ><div data-bb-version=\"4.6.1\"  class=\"bt_bb_column col-xxl-12 col-xl-12 col-xs-12 col-sm-12 col-md-12 col-lg-12 bt_bb_vertical_align_top bt_bb_align_left bt_bb_padding_normal\" style=\"; --column-width:12;\" data-width=\"12\" data-bt-override-class=\"{}\"><div class=\"bt_bb_column_content\"><div class=\"bt_bb_column_content_inner\"><div data-bb-version=\"4.6.1\"  class=\"bt_bb_text\" ><\/p>\n<p>Diese Richtlinie legt die Grunds\u00e4tze f\u00fcr die Erhebung, Verarbeitung und Nutzung personenbezogener Daten durch Scan Lab Ltd. in Warschau fest.<\/p>\n<h3 class=\"wp-block-heading\">Personenbezogene Daten<\/h3>\n<p>Gem\u00e4\u00df Artikel 13 der Verordnung (EU) 2016\/679 des Europ\u00e4ischen Parlaments und des Rates vom 27. April 2016 zum Schutz nat\u00fcrlicher Personen bei der Verarbeitung personenbezogener Daten, zum freien Datenverkehr und zur Aufhebung der Richtlinie 95\/46\/EG (Datenschutz-Grundverordnung) (\u201eRODO\u201c) informieren wir Sie, dass:<\/p>\n<p>1. der f\u00fcr die Verarbeitung Ihrer personenbezogenen Daten Verantwortliche Scan Lab Sp. z o.o. ist. Poleczki Stra\u00dfe 40 02-822 Warschau, KRS: 0000677004, NIP: 6793149118, REGON: 367268474, im Folgenden als Verwalter oder Unternehmen bezeichnet.<\/p>\n<p>2. Der Verwalter hat einen Datenschutzbeauftragten ernannt, erreichbar unter: biuro@witmajerkancelaria.pl.<\/p>\n<p>3. Der Verwalter verarbeitet personenbezogene Daten auf der Grundlage von:<\/p>\n<p>a) Artikel 6 Absatz 1 Buchstabe f der DSGVO &#8211; wenn es sich um gew\u00f6hnliche Daten handelt, die \u00fcber das vom Verwalter auf der von ihm betriebenen Website zur Verf\u00fcgung gestellte Kontaktformular und im Rahmen des vom Nutzer dieser Website hergestellten E-Mail- oder Telefonkontakts mit dem Verwalter erhoben werden: In diesem Zusammenhang ist die Verarbeitung f\u00fcr die Verwirklichung des berechtigten Interesses des Verwalters erforderlich, das in der Herstellung eines Telefon- oder E-Mail-Kontakts zur Beantwortung Ihrer Anfrage besteht, die \u00fcber das Kontaktformular, per Telefon oder per E-Mail gestellt wurde;<\/p>\n<p>b) Artikel 6 Absatz 1 Buchstabe b der RODO &#8211; wenn es sich um gew\u00f6hnliche Daten handelt, die \u00fcber die Registerkarte https:\/\/scanlab.pl\/wyslij-plik\/ heruntergeladen wurden &#8211; in diesem Zusammenhang sind die personenbezogenen Daten erforderlich, um auf Antrag der betroffenen Person, die die Funktionen der Website nutzt, Schritte zum Abschluss oder zur Erf\u00fcllung eines Vertrags \u00fcber eine prothetische Dienstleistung zu unternehmen;<\/p>\n<p>c) Artikel 6 Absatz 1 Buchstabe b der RODO &#8211; wenn es sich um gew\u00f6hnliche Daten handelt, die \u00fcber die Registerkarte https:\/\/scanlab.pl\/wyslij-wycisk\/ heruntergeladen werden &#8211; in dieser Hinsicht sind die personenbezogenen Daten f\u00fcr die Durchf\u00fchrung von Ma\u00dfnahmen erforderlich, die auf den Abschluss oder die Erf\u00fcllung eines Vertrags \u00fcber prothetische Leistungen abzielen, und zwar auf Antrag der Person, die die Funktionalit\u00e4t der Website nutzt.<\/p>\n<p>4. Die Empf\u00e4nger Ihrer personenbezogenen Daten k\u00f6nnen sein:<\/p>\n<p>a) Einrichtungen, die mit dem Verwalter bei der Aus\u00fcbung seiner T\u00e4tigkeit zusammenarbeiten, insbesondere seine Auftragnehmer, Vollstrecker und Vertreter,<\/p>\n<p>b) Anbieter von Software, IT-Systemen, E-Mail.<\/p>\n<p>5. Sie haben das Recht auf:<\/p>\n<p>a) Zugang zu Ihren personenbezogenen Daten<\/p>\n<p>b) die Berichtigung, L\u00f6schung oder Einschr\u00e4nkung der Verarbeitung zu verlangen<\/p>\n<p>c) auf Daten\u00fcbertragbarkeit, was das Recht einschlie\u00dft, die Daten zu erhalten und sie an einen anderen f\u00fcr die Verarbeitung Verantwortlichen zu \u00fcbermitteln oder zu verlangen, dass die Daten direkt an einen anderen f\u00fcr die Verarbeitung Verantwortlichen \u00fcbermittelt werden, sofern dies technisch m\u00f6glich ist.<\/p>\n<p>6. Sie haben das Recht, der Verarbeitung Ihrer personenbezogenen Daten durch den f\u00fcr die Verarbeitung Verantwortlichen zu widersprechen, soweit es sich um Daten handelt, die auf der Grundlage von Artikel 6 Absatz 1 Buchstabe f der DSGVO verarbeitet werden.<\/p>\n<p>7. Die Rechte nach den Abs\u00e4tzen. 5-6 genannten Rechte k\u00f6nnen Sie aus\u00fcben, indem Sie sich an den vom f\u00fcr die Verarbeitung Verantwortlichen benannten Datenschutzbeauftragten wenden: biuro@witmajerkancelaria.pl oder per Post an die unter Punkt. 1.<\/p>\n<p>8. Unbeschadet der in den Abs\u00e4tzen 5 und 6 genannten Rechte 5 und 6 haben Sie das Recht, sich bei der Aufsichtsbeh\u00f6rde, dem Pr\u00e4sidenten des Amtes f\u00fcr den Schutz personenbezogener Daten, zu beschweren.<\/p>\n<p>9. Die Bereitstellung der personenbezogenen Daten ist freiwillig. Die Verweigerung der Datenbereitstellung macht die Erteilung von Ausk\u00fcnften oder die Beantwortung Ihrer Anfrage oder den Abschluss und die Erf\u00fcllung eines Vertrags \u00fcber prothetische Leistungen unm\u00f6glich.<\/p>\n<p>10. Im Falle von Daten, die auf der Grundlage von Artikel 6 Absatz 1 Buchstabe f der RODO verarbeitet werden, werden die personenbezogenen Daten so lange gespeichert, bis Sie der Verarbeitung erfolgreich widersprechen.<\/p>\n<p>11. Im Falle von personenbezogenen Daten, die auf der Grundlage von Artikel 6 Absatz 1 Buchstabe b der RODO verarbeitet werden, werden die personenbezogenen Daten gespeichert:<\/p>\n<p>&#8211; f\u00fcr einen Zeitraum von 5 Jahren ab dem Ende des Kalenderjahres, in dem der Vertrag beendet wurde;<\/p>\n<p>&#8211; f\u00fcr einen Zeitraum von 1 Jahr ab dem Datum der letzten Handlung des Verwalters im Hinblick auf den Abschluss oder die Erf\u00fcllung des Vertrags, wenn der Vertrag nicht zustande gekommen ist.<\/p>\n<p>12. Personenbezogene Daten werden nicht f\u00fcr die automatisierte Entscheidungsfindung und das Profiling verwendet.<\/p>\n<p>13. Personenbezogene Daten werden nicht an ein Drittland oder eine internationale Organisation \u00fcbermittelt.<\/p>\n<h3>Cookies<\/h3>\n<p>Das Unternehmen ist besonders darauf bedacht, Ihre Privatsph\u00e4re zu respektieren. Bei der Nutzung der Website k\u00f6nnen elektronische Informationen gesammelt werden, insbesondere: die Ihrem Computer zugewiesene IP-Adresse oder die externe IP-Adresse Ihres Internet-Providers, der Dom\u00e4nenname, der Browsertyp, die Zugriffszeit, der Betriebssystemtyp. Die Website verwendet kleine Dateien, so genannte Cookies. Diese werden von der Gesellschaft auf dem Computer des Besuchers der Website gespeichert, sofern der Webbrowser dies zul\u00e4sst. Ein Cookie enth\u00e4lt in der Regel den Namen der Dom\u00e4ne, von der es stammt, seine \u201eVerfallszeit\u201c und eine individuelle Zufallszahl zur Identifizierung des Cookies.<\/p>\n<p>Die mit Hilfe von Cookies dieser Art gesammelten Informationen helfen dabei, die von der Gesellschaft angebotenen Dienste an die individuellen Vorlieben und tats\u00e4chlichen Bed\u00fcrfnisse der Besucher der Website anzupassen. Sie geben auch die M\u00f6glichkeit, allgemeine Statistiken \u00fcber die auf der Website pr\u00e4sentierten Informationen zu erstellen. Das Unternehmen verwendet zwei Arten von Cookies:<\/p>\n<p>a) Sitzungscookies: Wenn die Sitzung eines bestimmten Browsers endet oder der Computer ausgeschaltet wird, werden die gespeicherten Informationen aus dem Speicher des Ger\u00e4ts gel\u00f6scht. Der Mechanismus der Sitzungscookies erlaubt es nicht, pers\u00f6nliche Daten oder vertrauliche Informationen vom Computer des Nutzers abzurufen;<\/p>\n<p>b) permanente Cookies: Diese werden auf der Festplatte des Computers des Nutzers gespeichert und bleiben dort, bis sie gel\u00f6scht werden. Das Unternehmen verwendet seine eigenen Cookies zu folgenden Zwecken: Analyse und Forschung sowie Auditing des Publikums, insbesondere zur Erstellung anonymer Statistiken, die dazu beitragen, die Nutzung der Websites durch die Nutzer zu verstehen, was die Verbesserung ihrer Struktur und ihres Inhalts erm\u00f6glicht.<\/p>\n<p>Das Unternehmen verwendet externe Cookies, um allgemeine und anonyme statistische Daten \u00fcber die Analysetools von Google Analytics zu sammeln (Verwalter der externen Cookies: Google Inc. mit Sitz in den USA). Der Cookie-Mechanismus ist f\u00fcr die Computer der Nutzer sicher. Insbesondere ist es nicht m\u00f6glich, dass Viren oder andere unerw\u00fcnschte Software oder Malware \u00fcber diesen Weg auf die Computer der Nutzer gelangen.<\/p>\n<p>Das Unternehmen kann Ihre IP-Adresse erfassen. Eine IP-Adresse ist eine Nummer, die dem Computer einer Person, die die Website besucht, von einem Internetdienstanbieter zugewiesen wird. Die IP-Nummer erm\u00f6glicht den Zugang zum Internet. In den meisten F\u00e4llen wird sie Ihrem Computer dynamisch zugewiesen, d. h. sie \u00e4ndert sich jedes Mal, wenn Sie sich mit dem Internet verbinden, und wird daher im Allgemeinen als nicht personenbezogene Information behandelt. Die IP-Adresse wird von der Gesellschaft verwendet, um technische Probleme mit dem Server zu diagnostizieren, um statistische Analysen zu erstellen (z.B. um festzustellen, aus welchen Regionen wir die meisten Besuche verzeichnen), als n\u00fctzliche Information f\u00fcr die Verwaltung und Verbesserung der Website sowie f\u00fcr Sicherheitszwecke und die m\u00f6gliche Identifizierung unerw\u00fcnschter automatischer Browsing-Programme, die den Server \u00fcberlasten.<\/p>\n<p>Die Website kann Links und Verweise auf andere Websites enthalten. Das Unternehmen ist nicht f\u00fcr die Datenschutzpraktiken dieser anderen Websites verantwortlich. Aus diesem Grund empfehlen wir Ihnen, sich mit der dortigen Datenschutzpolitik vertraut zu machen, wenn Sie \u00fcber scanlab.pl auf eine von einem anderen Administrator verwaltete Website gehen.<\/p>\n<p>Das Unternehmen versendet keine Korrespondenz, auch nicht auf elektronischem Wege, in der die Login-Daten und insbesondere das Zugangspasswort f\u00fcr das Benutzerkonto abgefragt werden. Derartige Informationen werden auch nicht auf dem herk\u00f6mmlichen Postweg, per E-Mail oder Telefon zur Verf\u00fcgung gestellt.<\/p>\n<h3>\u00c4nderungen der Datenschutz- und Cookie-Richtlinie<\/h3>\n<p>Bei Fragen zu den Datenschutzbestimmungen wenden Sie sich bitte an: biuro@witmajerkancelaria.pl.<\/p>\n<p>Datum der letzten \u00c4nderung: 22\/07\/2024<\/p>\n<p>\n<\/div><\/div><\/div><\/div><\/div><\/div><\/div><!-- cell_inner --><\/div><!-- cell --><\/div><!-- port --><\/section><\/p>","protected":false},"excerpt":{"rendered":"","protected":false},"author":8,"featured_media":0,"parent":0,"menu_order":0,"comment_status":"closed","ping_status":"closed","template":"","meta":{"footnotes":""},"class_list":["post-5022","page","type-page","status-publish","hentry"],"_links":{"self":[{"href":"https:\/\/scanlab.pl\/de\/wp-json\/wp\/v2\/pages\/5022","targetHints":{"allow":["GET"]}}],"collection":[{"href":"https:\/\/scanlab.pl\/de\/wp-json\/wp\/v2\/pages"}],"about":[{"href":"https:\/\/scanlab.pl\/de\/wp-json\/wp\/v2\/types\/page"}],"author":[{"embeddable":true,"href":"https:\/\/scanlab.pl\/de\/wp-json\/wp\/v2\/users\/8"}],"replies":[{"embeddable":true,"href":"https:\/\/scanlab.pl\/de\/wp-json\/wp\/v2\/comments?post=5022"}],"version-history":[{"count":13,"href":"https:\/\/scanlab.pl\/de\/wp-json\/wp\/v2\/pages\/5022\/revisions"}],"predecessor-version":[{"id":6052,"href":"https:\/\/scanlab.pl\/de\/wp-json\/wp\/v2\/pages\/5022\/revisions\/6052"}],"wp:attachment":[{"href":"https:\/\/scanlab.pl\/de\/wp-json\/wp\/v2\/media?parent=5022"}],"curies":[{"name":"wp","href":"https:\/\/api.w.org\/{rel}","templated":true}]}}