{"id":4990,"date":"2023-08-16T09:30:09","date_gmt":"2023-08-16T07:30:09","guid":{"rendered":"http:\/\/scanlab.pl\/mieten-sie-einen-scanner\/"},"modified":"2024-12-09T10:53:28","modified_gmt":"2024-12-09T09:53:28","slug":"mieten-sie-einen-scanner","status":"publish","type":"page","link":"https:\/\/scanlab.pl\/de\/mieten-sie-einen-scanner\/","title":{"rendered":"Mieten Sie einen Scanner"},"content":{"rendered":"<p><section data-bb-version=\"4.6.1\" id=\"bt_bb_section69e7614d212ba\" class=\"bt_bb_section bt_bb_color_scheme_1 bt_bb_layout_boxed_1200 bt_bb_vertical_align_top bt_bb_bottom_section_coverage_image bt_bb_section_with_bottom_coverage_image bt_bb_top_spacing_large bt_bb_bottom_spacing_30 small-xs\" style=\"; --section-primary-color:#ffffff; --section-secondary-color:#191919;\" data-bt-override-class=\"{&quot;bt_bb_top_spacing_&quot;:{&quot;current_class&quot;:&quot;bt_bb_top_spacing_large&quot;,&quot;def&quot;:&quot;large&quot;},&quot;bt_bb_bottom_spacing_&quot;:{&quot;current_class&quot;:&quot;bt_bb_bottom_spacing_30&quot;,&quot;def&quot;:&quot;30&quot;}}\"><div class=\"bt_bb_background_image_holder_wrapper\"><div class=\"bt_bb_background_image_holder bt_bb_parallax\"  data-parallax=\"0.7\" data-parallax-offset=\"0\" data-parallax-zoom-start=\"1\" data-parallax-zoom-end=\"1\" data-parallax-blur-start=\"0\" data-parallax-blur-end=\"0\" data-parallax-opacity-start=\"1\" data-parallax-opacity-end=\"1\" style=\" background-image:url(&#039;https:\/\/scanlab.pl\/wp-content\/uploads\/2023\/08\/bg-header2.jpg&#039;);\"><\/div><\/div><div class=\"bt_bb_port\"><div class=\"bt_bb_cell\"><div class=\"bt_bb_cell_inner\"><div class=\"bt_bb_row \"  data-bt-override-class=\"{}\"><div class=\"bt_bb_row_holder\" ><div data-bb-version=\"4.6.1\"  class=\"bt_bb_column col-xxl-12 col-xl-12 col-xs-12 col-sm-12 col-md-12 col-lg-12 bt_bb_vertical_align_middle bt_bb_align_center bt_bb_padding_normal bt_bb_animation_fade_in move_up animate bt_bb_details-color_white\" style=\"; --column-width:12;\" data-width=\"12\" data-bt-override-class=\"{&quot;bt_bb_align_&quot;:{&quot;current_class&quot;:&quot;bt_bb_align_center&quot;,&quot;def&quot;:&quot;center&quot;},&quot;bt_bb_padding_&quot;:{&quot;current_class&quot;:&quot;bt_bb_padding_normal&quot;,&quot;def&quot;:&quot;normal&quot;}}\"><div class=\"bt_bb_column_content\"><div class=\"bt_bb_column_content_inner\"><div data-bb-version=\"4.6.1\" class=\"bt_bb_separator bt_bb_border_style_none bt_bb_border_color_none bt_bb_top_spacing_none bt_bb_bottom_spacing_medium\" data-bt-override-class=\"{&quot;bt_bb_top_spacing_&quot;:{&quot;current_class&quot;:&quot;bt_bb_top_spacing_none&quot;,&quot;def&quot;:&quot;none&quot;},&quot;bt_bb_bottom_spacing_&quot;:{&quot;current_class&quot;:&quot;bt_bb_bottom_spacing_medium&quot;,&quot;def&quot;:&quot;medium&quot;}}\"><\/div><header data-bb-version=\"4.6.1\" class=\"bt_bb_headline bt_bb_subheadline_text_transform_default bt_bb_dash_none bt_bb_subheadline bt_bb_size_normal bt_bb_align_inherit\" data-bt-override-class=\"{&quot;bt_bb_size_&quot;:{&quot;current_class&quot;:&quot;bt_bb_size_normal&quot;,&quot;def&quot;:&quot;normal&quot;},&quot;bt_bb_align_&quot;:{&quot;current_class&quot;:&quot;bt_bb_align_inherit&quot;,&quot;def&quot;:&quot;inherit&quot;}}\"><h1 class=\"bt_bb_headline_tag\"><span class=\"bt_bb_headline_content\"><span>EINEN INTRAORALSCANNER MIETEN<\/span><\/span><\/h1><div class=\"bt_bb_headline_subheadline\"> Wenn Sie eine prothetische Arbeit bei uns bestellen, ist der Scanner v\u00f6llig kostenlos.<\/div><\/header><div data-bb-version=\"4.6.1\" class=\"bt_bb_separator bt_bb_border_style_none bt_bb_border_color_none bt_bb_top_spacing_none bt_bb_bottom_spacing_large\" data-bt-override-class=\"{&quot;bt_bb_top_spacing_&quot;:{&quot;current_class&quot;:&quot;bt_bb_top_spacing_none&quot;,&quot;def&quot;:&quot;none&quot;},&quot;bt_bb_bottom_spacing_&quot;:{&quot;current_class&quot;:&quot;bt_bb_bottom_spacing_large&quot;,&quot;def&quot;:&quot;large&quot;}}\"><\/div><div class=\"bt_bb_raw_content\"><div class=\"scrolldown\"><svg width=\"40px\" height=\"100%\" viewBox=\"0 0 247 390\" version=\"1.1\" xmlns=\"http:\/\/www.w3.org\/2000\/svg\" xmlns:xlink=\"http:\/\/www.w3.org\/1999\/xlink\" style=\"fill-rule:evenodd;clip-rule:evenodd;stroke-linecap:round;stroke-linejoin:round;stroke-miterlimit:1.5;\">\n\t<path id=\"wheel\" d=\"M123.359,79.775l0,72.843\" style=\"fill:none;stroke:#fff;stroke-width:20px;\"\/>\n\t<path id=\"mouse\" d=\"M236.717,123.359c0,-62.565 -50.794,-113.359 -113.358,-113.359c-62.565,0 -113.359,50.794 -113.359,113.359l0,143.237c0,62.565 50.794,113.359 113.359,113.359c62.564,0 113.358,-50.794 113.358,-113.359l0,-143.237Z\" style=\"fill:none;stroke:#fff;stroke-width:20px;\"\/>\n<\/svg>\n<span>Scroll down<\/span>\n<\/div><\/div><\/div><\/div><\/div><\/div><\/div><\/div><!-- cell_inner --><\/div><!-- cell --><\/div><!-- port --><div class=\"bt_bb_section_bottom_section_coverage_image\"><img decoding=\"async\" src=\"https:\/\/scanlab.pl\/wp-content\/uploads\/2020\/05\/bottom-cover.png\" alt=\"bt_bb_section_bottom_section_coverage_image\" \/><\/div><\/section><section data-bb-version=\"4.6.1\" id=\"bt_bb_section69e7614d21865\" class=\"bt_bb_section bt_bb_layout_boxed_1200\"  data-bt-override-class=\"null\"><div class=\"bt_bb_port\"><div class=\"bt_bb_cell\"><div class=\"bt_bb_cell_inner\"><div class=\"bt_bb_row \"  data-bt-override-class=\"{}\"><div class=\"bt_bb_row_holder\" ><div data-bb-version=\"4.6.1\"  class=\"bt_bb_column col-xxl-12 col-xl-12 col-xs-12 col-sm-12 col-md-12 col-lg-12 bt_bb_vertical_align_top bt_bb_align_left bt_bb_padding_normal bt_bb_animation_fade_in move_up animate bt_bb_details-color_white\" style=\"; --column-width:12;\" data-width=\"12\" data-bt-override-class=\"{&quot;bt_bb_align_&quot;:{&quot;current_class&quot;:&quot;bt_bb_align_left&quot;,&quot;def&quot;:&quot;left&quot;},&quot;bt_bb_padding_&quot;:{&quot;current_class&quot;:&quot;bt_bb_padding_normal&quot;,&quot;def&quot;:&quot;normal&quot;}}\"><div class=\"bt_bb_column_content\"><div class=\"bt_bb_column_content_inner\"><div data-bb-version=\"4.6.1\" class=\"bt_bb_separator bt_bb_border_style_none bt_bb_border_color_none bt_bb_top_spacing_none bt_bb_bottom_spacing_50\" data-bt-override-class=\"{&quot;bt_bb_top_spacing_&quot;:{&quot;current_class&quot;:&quot;bt_bb_top_spacing_none&quot;,&quot;def&quot;:&quot;none&quot;},&quot;bt_bb_bottom_spacing_&quot;:{&quot;current_class&quot;:&quot;bt_bb_bottom_spacing_50&quot;,&quot;def&quot;:&quot;50&quot;}}\"><\/div><div data-bb-version=\"4.6.1\"  class=\"bt_bb_text\" ><\/p>\n<h4 class=\"quoteText quoteText--bigger\" style=\"text-align: center;\">Die gr\u00f6\u00dfte Auswahl an intraoralen Scannern in ganz Europa, ohne Kauf, Leasing oder andere komplizierte Formalit\u00e4ten.<\/h4>\n<p class=\"quoteText\" style=\"text-align: center;\">Wenn Sie eine prothetische Arbeit bei uns in Auftrag geben, ist der Scanner v\u00f6llig kostenlos. W\u00e4hlen Sie das Modell, das am besten zu den Bed\u00fcrfnissen Ihrer Praxis passt, und bringen Sie Ihre Prothetik auf die n\u00e4chste Stufe, indem Sie mit uns einen vollst\u00e4ndig digitalen Arbeitsablauf erstellen. Wir bieten umfassende Schulungen und technische Unterst\u00fctzung in jeder Phase der Zusammenarbeit.<\/p>\n<p>\n<\/div><\/div><\/div><\/div><\/div><\/div><\/div><!-- cell_inner --><\/div><!-- cell --><\/div><!-- port --><\/section><section data-bb-version=\"4.6.1\" id=\"bt_bb_section69e7614d21b72\" class=\"bt_bb_section bt_bb_layout_boxed_1200 bt_bb_vertical_align_top bt_bb_top_spacing_50 bt_bb_bottom_spacing_50\"  data-bt-override-class=\"{&quot;bt_bb_top_spacing_&quot;:{&quot;current_class&quot;:&quot;bt_bb_top_spacing_50&quot;,&quot;def&quot;:&quot;50&quot;},&quot;bt_bb_bottom_spacing_&quot;:{&quot;current_class&quot;:&quot;bt_bb_bottom_spacing_50&quot;,&quot;def&quot;:&quot;50&quot;}}\"><div class=\"bt_bb_port\"><div class=\"bt_bb_cell\"><div class=\"bt_bb_cell_inner\"><div class=\"bt_bb_row \"  data-bt-override-class=\"{}\"><div class=\"bt_bb_row_holder\" ><div data-bb-version=\"4.6.1\"  class=\"bt_bb_column col-xxl-12 col-xl-12 col-xs-12 col-sm-12 col-md-12 col-lg-12 bt_bb_vertical_align_top bt_bb_align_left bt_bb_padding_normal bt_bb_animation_fade_in move_up animate bt_bb_details-color_white\" style=\"background-color:rgba(244, 244, 244, 1);; --column-width:12;\" data-width=\"12\" data-bt-override-class=\"{&quot;bt_bb_align_&quot;:{&quot;current_class&quot;:&quot;bt_bb_align_left&quot;,&quot;def&quot;:&quot;left&quot;},&quot;bt_bb_padding_&quot;:{&quot;current_class&quot;:&quot;bt_bb_padding_normal&quot;,&quot;def&quot;:&quot;normal&quot;}}\"><div class=\"bt_bb_column_content\"><div class=\"bt_bb_column_content_inner\"><div data-bb-version=\"4.6.1\" class=\"bt_bb_separator bt_bb_border_style_none bt_bb_border_color_none bt_bb_top_spacing_none bt_bb_bottom_spacing_30\" data-bt-override-class=\"{&quot;bt_bb_top_spacing_&quot;:{&quot;current_class&quot;:&quot;bt_bb_top_spacing_none&quot;,&quot;def&quot;:&quot;none&quot;},&quot;bt_bb_bottom_spacing_&quot;:{&quot;current_class&quot;:&quot;bt_bb_bottom_spacing_30&quot;,&quot;def&quot;:&quot;30&quot;}}\"><\/div><div data-bb-version=\"4.6.1\" class=\"bt_bb_contact_form_7\">\n<div class=\"wpcf7 no-js\" id=\"wpcf7-f5586-o1\" lang=\"de-DE\" dir=\"ltr\" data-wpcf7-id=\"5586\">\n<div class=\"screen-reader-response\"><p role=\"status\" aria-live=\"polite\" aria-atomic=\"true\"><\/p> <ul><\/ul><\/div>\n<form action=\"\/de\/wp-json\/wp\/v2\/pages\/4990#wpcf7-f5586-o1\" method=\"post\" class=\"wpcf7-form init\" aria-label=\"Kontaktformular\" novalidate=\"novalidate\" data-status=\"init\">\n<fieldset class=\"hidden-fields-container\"><input type=\"hidden\" name=\"_wpcf7\" value=\"5586\" \/><input type=\"hidden\" name=\"_wpcf7_version\" value=\"6.1.5\" \/><input type=\"hidden\" name=\"_wpcf7_locale\" value=\"de_DE\" \/><input type=\"hidden\" name=\"_wpcf7_unit_tag\" value=\"wpcf7-f5586-o1\" \/><input type=\"hidden\" name=\"_wpcf7_container_post\" value=\"0\" \/><input type=\"hidden\" name=\"_wpcf7_posted_data_hash\" value=\"\" \/><input type=\"hidden\" name=\"_wpcf7cf_hidden_group_fields\" value=\"[]\" \/><input type=\"hidden\" name=\"_wpcf7cf_hidden_groups\" value=\"[]\" \/><input type=\"hidden\" name=\"_wpcf7cf_visible_groups\" value=\"[]\" \/><input type=\"hidden\" name=\"_wpcf7cf_repeaters\" value=\"[]\" \/><input type=\"hidden\" name=\"_wpcf7cf_steps\" value=\"{}\" \/><input type=\"hidden\" name=\"_wpcf7cf_options\" value=\"{&quot;form_id&quot;:5586,&quot;conditions&quot;:[],&quot;settings&quot;:{&quot;animation&quot;:&quot;yes&quot;,&quot;animation_intime&quot;:200,&quot;animation_outtime&quot;:200,&quot;conditions_ui&quot;:&quot;normal&quot;,&quot;notice_dismissed&quot;:false,&quot;notice_dismissed_rollback-cf7-5.8.1&quot;:true}}\" \/><input type=\"hidden\" name=\"_wpcf7dtx_version\" value=\"5.0.5\" \/><input type=\"hidden\" name=\"upload_dir\" value=\"stl\" \/><input type=\"hidden\" name=\"generate_name\" value=\"04-21-26-69e7614d23bdd\" \/><input type=\"hidden\" name=\"_wpcf7_recaptcha_response\" value=\"\" \/>\n<\/fieldset>\n<div class=\"row-form\">\n\t<div class=\"col-3\">\n\t\t<p><label> Vorname und Nachname <span class=\"red\">*<\/span><span class=\"wpcf7-form-control-wrap\" data-name=\"imie-nazwisko\"><input size=\"40\" maxlength=\"400\" class=\"wpcf7-form-control wpcf7-text wpcf7-validates-as-required\" autocomplete=\"name\" aria-required=\"true\" aria-invalid=\"false\" value=\"\" type=\"text\" name=\"imie-nazwisko\" \/><\/span> <\/label>\n\t\t<\/p>\n\t<\/div>\n\t<div class=\"col-3\">\n\t\t<p><label> E-Mail-Adresse <span class=\"red\">*<\/span><span class=\"wpcf7-form-control-wrap\" data-name=\"adres-email\"><input size=\"40\" maxlength=\"400\" class=\"wpcf7-form-control wpcf7-email wpcf7-validates-as-required wpcf7-text wpcf7-validates-as-email\" autocomplete=\"email\" aria-required=\"true\" aria-invalid=\"false\" value=\"\" type=\"email\" name=\"adres-email\" \/><\/span> <\/label>\n\t\t<\/p>\n\t<\/div>\n\t<div class=\"col-3\">\n\t\t<p><label> Telefonnummer <span class=\"red\">*<\/span><span class=\"wpcf7-form-control-wrap\" data-name=\"nr-telefonu\"><input size=\"40\" maxlength=\"400\" class=\"wpcf7-form-control wpcf7-tel wpcf7-validates-as-required wpcf7-text wpcf7-validates-as-tel\" aria-required=\"true\" aria-invalid=\"false\" value=\"\" type=\"tel\" name=\"nr-telefonu\" \/><\/span><\/label>\n\t\t<\/p>\n\t<\/div>\n\t<div class=\"col-3-4\">\n\t\t<p><span class=\"wpcf7-form-control-wrap\" data-name=\"acceptance-301\"><span class=\"wpcf7-form-control wpcf7-acceptance\"><span class=\"wpcf7-list-item\"><label><input type=\"checkbox\" name=\"acceptance-301\" value=\"1\" aria-invalid=\"false\" \/><span class=\"wpcf7-list-item-label\">Ich erkl\u00e4re, dass ich die <a href=\"http:\/\/scanlab.pl\/de\/satzung\/\">Bestimmungen<\/a>, <a href=\"http:\/\/scanlab.pl\/de\/datenschutzbestimmungen\/\">Datenschutz- und Cookie-Richtlinien<\/a> sowie die Speicherung personenbezogener Daten von Scan_Lab Sp. z o.o. gelesen habe. durchsuchen<\/span><\/label><\/span><\/span><\/span>\n\t\t<\/p>\n\t<\/div>\n\t<div class=\"col-1 btn-wrap\">\n\t\t<p><input class=\"wpcf7-form-control wpcf7-submit has-spinner\" type=\"submit\" value=\"Schicken\" \/>\n\t\t<\/p>\n\t<\/div>\n<\/div><div class=\"wpcf7-response-output\" aria-hidden=\"true\"><\/div>\n<\/form>\n<\/div>\n<\/div><div data-bb-version=\"4.6.1\" class=\"bt_bb_separator bt_bb_border_style_none bt_bb_border_color_none bt_bb_top_spacing_none bt_bb_bottom_spacing_30\" data-bt-override-class=\"{&quot;bt_bb_top_spacing_&quot;:{&quot;current_class&quot;:&quot;bt_bb_top_spacing_none&quot;,&quot;def&quot;:&quot;none&quot;},&quot;bt_bb_bottom_spacing_&quot;:{&quot;current_class&quot;:&quot;bt_bb_bottom_spacing_30&quot;,&quot;def&quot;:&quot;30&quot;}}\"><\/div><\/div><\/div><\/div><\/div><\/div><\/div><!-- cell_inner --><\/div><!-- cell --><\/div><!-- port --><\/section><section data-bb-version=\"4.6.1\" id=\"bt_bb_section69e7614d24dac\" class=\"bt_bb_section bt_bb_color_scheme_13 bt_bb_layout_boxed_1200 bt_bb_vertical_align_top bt_bb_background_overlay_light_top_gradient bt_bb_top_spacing_none bt_bb_bottom_spacing_50\" style=\"; --section-primary-color:#191919; --section-secondary-color:#f8f9fb;\" data-bt-override-class=\"{&quot;bt_bb_top_spacing_&quot;:{&quot;current_class&quot;:&quot;bt_bb_top_spacing_none&quot;,&quot;def&quot;:&quot;none&quot;},&quot;bt_bb_bottom_spacing_&quot;:{&quot;current_class&quot;:&quot;bt_bb_bottom_spacing_50&quot;,&quot;def&quot;:&quot;50&quot;}}\"><div class=\"bt_bb_background_image_holder_wrapper\"><div class=\"bt_bb_background_image_holder btLazyLoadBackground bt_bb_parallax\"  data-background_image_src=\"https:\/\/scanlab.pl\/wp-content\/uploads\/2023\/08\/bg-sect.png\" data-parallax=\"0.6\" data-parallax-offset=\"0\" data-parallax-zoom-start=\"1\" data-parallax-zoom-end=\"1\" data-parallax-blur-start=\"0\" data-parallax-blur-end=\"0\" data-parallax-opacity-start=\"1\" data-parallax-opacity-end=\"1\" style=\" background-image: url(&#039;https:\/\/scanlab.pl\/wp-content\/plugins\/bold-page-builder\/img\/blank.gif&#039;);\"><\/div><\/div><div class=\"bt_bb_port\"><div class=\"bt_bb_cell\"><div class=\"bt_bb_cell_inner\"><div class=\"bt_bb_row \"  data-bt-override-class=\"{}\"><div class=\"bt_bb_row_holder\" ><div data-bb-version=\"4.6.1\"  class=\"bt_bb_column col-xxl-12 col-xl-12 col-xs-12 col-sm-12 col-md-12 col-lg-12 bt_bb_vertical_align_top bt_bb_align_center bt_bb_padding_normal bt_bb_animation_fade_in move_up animate bt_bb_details-color_white\" style=\"; --column-width:12;\" data-width=\"12\" data-bt-override-class=\"{&quot;bt_bb_align_&quot;:{&quot;current_class&quot;:&quot;bt_bb_align_center&quot;,&quot;def&quot;:&quot;center&quot;},&quot;bt_bb_padding_&quot;:{&quot;current_class&quot;:&quot;bt_bb_padding_normal&quot;,&quot;def&quot;:&quot;normal&quot;}}\"><div class=\"bt_bb_column_content\"><div class=\"bt_bb_column_content_inner\"><header data-bb-version=\"4.6.1\" class=\"bt_bb_headline bt_bb_subheadline_text_transform_default bt_bb_dash_none bt_bb_size_large bt_bb_align_inherit\" data-bt-override-class=\"{&quot;bt_bb_size_&quot;:{&quot;current_class&quot;:&quot;bt_bb_size_large&quot;,&quot;def&quot;:&quot;large&quot;},&quot;bt_bb_align_&quot;:{&quot;current_class&quot;:&quot;bt_bb_align_inherit&quot;,&quot;def&quot;:&quot;inherit&quot;}}\"><h2 class=\"bt_bb_headline_tag\"><span class=\"bt_bb_headline_content\"><span>Verkaufen<\/span><\/span><\/h2><\/header><div data-bb-version=\"4.6.1\" class=\"bt_bb_separator bt_bb_border_style_none bt_bb_border_color_none bt_bb_top_spacing_none bt_bb_bottom_spacing_30\" data-bt-override-class=\"{&quot;bt_bb_top_spacing_&quot;:{&quot;current_class&quot;:&quot;bt_bb_top_spacing_none&quot;,&quot;def&quot;:&quot;none&quot;},&quot;bt_bb_bottom_spacing_&quot;:{&quot;current_class&quot;:&quot;bt_bb_bottom_spacing_30&quot;,&quot;def&quot;:&quot;30&quot;}}\"><\/div><div data-bb-version=\"4.6.1\"  class=\"bt_bb_text\" ><\/p>\n<p>Rufen Sie uns an, wenn Sie zus\u00e4tzliche Angebote in Anspruch nehmen, Ihren Scanner gegen ein anderes Modell austauschen oder Vorf\u00fchrger\u00e4te f\u00fcr Ihre Patienten erwerben m\u00f6chten. Unsere Vertriebsmitarbeiter helfen Ihnen auch bei der Bedienung des Scanners und bieten zus\u00e4tzliche Schulungen an.<\/p>\n<p>\n<\/div><div data-bb-version=\"4.6.1\" class=\"bt_bb_separator bt_bb_border_style_none bt_bb_border_color_none bt_bb_top_spacing_none bt_bb_bottom_spacing_30\" data-bt-override-class=\"{&quot;bt_bb_top_spacing_&quot;:{&quot;current_class&quot;:&quot;bt_bb_top_spacing_none&quot;,&quot;def&quot;:&quot;none&quot;},&quot;bt_bb_bottom_spacing_&quot;:{&quot;current_class&quot;:&quot;bt_bb_bottom_spacing_30&quot;,&quot;def&quot;:&quot;30&quot;}}\"><\/div><\/div><\/div><\/div><\/div><\/div><div class=\"bt_bb_row  bt_bb_column_gap_15\" style=\"; --column-gap:15px;\" data-bt-override-class=\"{}\"><div class=\"bt_bb_row_holder\" ><div  class=\"bt_bb_column col-xxl-3 col-xl-3 col-xs-12 col-sm-6 col-md-6 col-lg-3 bt_bb_vertical_align_top bt_bb_align_center bt_bb_padding_normal bt_bb_animation_fade_in animate\" style=\"; --column-width:3;\" data-width=\"3\" data-bt-override-class=\"{}\"><div class=\"bt_bb_column_content\"><div class=\"bt_bb_column_content_inner\"><div class=\"bt_bb_card_image bt_bb_style_hexagon bt_bb_size_small bt_bb_shadow_show\"><div class=\"bt_bb_card_image_background\">\r\n\t\t\t<div class=\"bt_bb_image bt_bb_shape_hexagon\" data-bt-override-class=\"{}\"><span><img src = \"https:\/\/scanlab.pl\/wp-content\/plugins\/bold-page-builder\/img\/blank.gif\" data-full_image_src=\"https:\/\/scanlab.pl\/wp-content\/uploads\/2023\/09\/IMG-20230925-WA0006.jpg\" data-image_src=\"https:\/\/scanlab.pl\/wp-content\/uploads\/2023\/09\/IMG-20230925-WA0006.jpg\" title=\"Damian Sobestia\u0144czyk\" alt=\"Damian Sobestia\u0144czyk\" class=\"btLazyLoadImage\"><\/span><\/div>\r\n\t\t<\/div><div class=\"bt_bb_card_image_text_box\"><div class=\"bt_bb_card_image_title\"><header class=\"bt_bb_headline bt_bb_superheadline bt_bb_subheadline bt_bb_size_small\" data-bt-override-class=\"{}\"><h3 class=\"bt_bb_headline_tag\"><span class=\"bt_bb_headline_superheadline\">Handelsvertreter<\/span><span class=\"bt_bb_headline_content\"><span>Damian Sobestia\u0144czyk<\/span><\/span><\/h3><div class=\"bt_bb_headline_subheadline\"> +48 662 839 052<\/div><\/header><\/div><\/div><\/div><div class=\"bt_bb_separator bt_bb_border_style_none bt_bb_bottom_spacing_medium\" data-bt-override-class=\"null\"><\/div><\/div><\/div><\/div><div data-bb-version=\"4.6.1\"  class=\"bt_bb_column col-xxl-3 col-xl-3 col-xs-12 col-sm-6 col-md-6 col-lg-3 bt_bb_vertical_align_top bt_bb_align_center bt_bb_padding_normal bt_bb_animation_fade_in animate bt_bb_details-color_white\" style=\"; --column-width:3;\" data-width=\"3\" data-bt-override-class=\"{&quot;bt_bb_align_&quot;:{&quot;current_class&quot;:&quot;bt_bb_align_center&quot;,&quot;def&quot;:&quot;center&quot;},&quot;bt_bb_padding_&quot;:{&quot;current_class&quot;:&quot;bt_bb_padding_normal&quot;,&quot;def&quot;:&quot;normal&quot;}}\"><div class=\"bt_bb_column_content\"><div class=\"bt_bb_column_content_inner\"><div class=\"bt_bb_card_image bt_bb_style_hexagon bt_bb_size_small bt_bb_shadow_show\"><div class=\"bt_bb_card_image_background\">\r\n\t\t\t<div class=\"bt_bb_image bt_bb_shape_hexagon\" data-bt-override-class=\"{}\"><span><img src = \"https:\/\/scanlab.pl\/wp-content\/plugins\/bold-page-builder\/img\/blank.gif\" data-full_image_src=\"https:\/\/scanlab.pl\/wp-content\/uploads\/2023\/09\/IMG-20230925-WA0007.jpg\" data-image_src=\"https:\/\/scanlab.pl\/wp-content\/uploads\/2023\/09\/IMG-20230925-WA0007.jpg\" title=\"Agnieszka Godlewska\" alt=\"Agnieszka Godlewska\" class=\"btLazyLoadImage\"><\/span><\/div>\r\n\t\t<\/div><div class=\"bt_bb_card_image_text_box\"><div class=\"bt_bb_card_image_title\"><header class=\"bt_bb_headline bt_bb_superheadline bt_bb_subheadline bt_bb_size_small\" data-bt-override-class=\"{}\"><h3 class=\"bt_bb_headline_tag\"><span class=\"bt_bb_headline_superheadline\">Handelsvertreter<\/span><span class=\"bt_bb_headline_content\"><span>Agnieszka Godlewska<\/span><\/span><\/h3><div class=\"bt_bb_headline_subheadline\">+48 664 349 862<\/div><\/header><\/div><\/div><\/div><div class=\"bt_bb_separator bt_bb_border_style_none bt_bb_bottom_spacing_medium\" data-bt-override-class=\"null\"><\/div><\/div><\/div><\/div><div  class=\"bt_bb_column col-xxl-3 col-xl-3 col-xs-12 col-sm-6 col-md-6 col-lg-3 bt_bb_vertical_align_top bt_bb_align_center bt_bb_padding_normal bt_bb_animation_fade_in animate\" style=\"; --column-width:3;\" data-width=\"3\" data-bt-override-class=\"{}\"><div class=\"bt_bb_column_content\"><div class=\"bt_bb_column_content_inner\"><div class=\"bt_bb_card_image bt_bb_style_hexagon bt_bb_size_small bt_bb_shadow_show\"><div class=\"bt_bb_card_image_background\">\r\n\t\t\t<div class=\"bt_bb_image bt_bb_shape_hexagon\" data-bt-override-class=\"{}\"><span><img src = \"https:\/\/scanlab.pl\/wp-content\/plugins\/bold-page-builder\/img\/blank.gif\" data-full_image_src=\"https:\/\/scanlab.pl\/wp-content\/uploads\/2023\/09\/IMG-20230925-WA0005.jpg\" data-image_src=\"https:\/\/scanlab.pl\/wp-content\/uploads\/2023\/09\/IMG-20230925-WA0005.jpg\" title=\"Bogus\u0142aw Filek\" alt=\"Bogus\u0142aw Filek\" class=\"btLazyLoadImage\"><\/span><\/div>\r\n\t\t<\/div><div class=\"bt_bb_card_image_text_box\"><div class=\"bt_bb_card_image_title\"><header class=\"bt_bb_headline bt_bb_superheadline bt_bb_subheadline bt_bb_size_small\" data-bt-override-class=\"{}\"><h3 class=\"bt_bb_headline_tag\"><span class=\"bt_bb_headline_superheadline\">Handelsvertreter<\/span><span class=\"bt_bb_headline_content\"><span>Bogus\u0142aw Filek<\/span><\/span><\/h3><div class=\"bt_bb_headline_subheadline\">+48 668 162 936<\/div><\/header><\/div><\/div><\/div><div class=\"bt_bb_separator bt_bb_border_style_none bt_bb_bottom_spacing_medium\" data-bt-override-class=\"null\"><\/div><\/div><\/div><\/div><div  class=\"bt_bb_column col-xxl-3 col-xl-3 col-xs-12 col-sm-6 col-md-6 col-lg-3 bt_bb_vertical_align_top bt_bb_align_center bt_bb_padding_normal bt_bb_animation_fade_in animate\" style=\"; --column-width:3;\" data-width=\"3\" data-bt-override-class=\"{}\"><div class=\"bt_bb_column_content\"><div class=\"bt_bb_column_content_inner\"><div class=\"bt_bb_card_image bt_bb_style_hexagon bt_bb_size_small bt_bb_shadow_show\"><div class=\"bt_bb_card_image_background\">\r\n\t\t\t<div class=\"bt_bb_image bt_bb_shape_hexagon\" data-bt-override-class=\"{}\"><a href=\"http:\/\/about-me\"  target=\"_self\" title=\"Kinga Humeniuk\"><img src = \"https:\/\/scanlab.pl\/wp-content\/plugins\/bold-page-builder\/img\/blank.gif\" data-full_image_src=\"https:\/\/scanlab.pl\/wp-content\/uploads\/2023\/09\/IMG-20230925-WA0004.jpg\" data-image_src=\"https:\/\/scanlab.pl\/wp-content\/uploads\/2023\/09\/IMG-20230925-WA0004.jpg\" title=\"Kinga Humeniuk\" alt=\"Kinga Humeniuk\" class=\"btLazyLoadImage\"><\/a><\/div>\r\n\t\t<\/div><div class=\"bt_bb_card_image_text_box\"><div class=\"bt_bb_card_image_title\"><header class=\"bt_bb_headline bt_bb_superheadline bt_bb_subheadline bt_bb_size_small\" data-bt-override-class=\"{}\"><h3 class=\"bt_bb_headline_tag\"><span class=\"bt_bb_headline_superheadline\">Handelsvertreter<\/span><span class=\"bt_bb_headline_content\"><span><a href=\"about-me\" target=\"_self\" title=\"Kinga Humeniuk\">Kinga Humeniuk<\/a><\/span><\/span><\/h3><div class=\"bt_bb_headline_subheadline\">+48 698 496 102<\/div><\/header><\/div><\/div><\/div><div class=\"bt_bb_separator bt_bb_border_style_none bt_bb_bottom_spacing_medium\" data-bt-override-class=\"null\"><\/div><\/div><\/div><\/div><\/div><\/div><\/div><!-- cell_inner --><\/div><!-- cell --><\/div><!-- port --><\/section><\/p>\n","protected":false},"excerpt":{"rendered":"","protected":false},"author":8,"featured_media":0,"parent":0,"menu_order":0,"comment_status":"closed","ping_status":"closed","template":"","meta":{"footnotes":""},"class_list":["post-4990","page","type-page","status-publish","hentry"],"_links":{"self":[{"href":"https:\/\/scanlab.pl\/de\/wp-json\/wp\/v2\/pages\/4990","targetHints":{"allow":["GET"]}}],"collection":[{"href":"https:\/\/scanlab.pl\/de\/wp-json\/wp\/v2\/pages"}],"about":[{"href":"https:\/\/scanlab.pl\/de\/wp-json\/wp\/v2\/types\/page"}],"author":[{"embeddable":true,"href":"https:\/\/scanlab.pl\/de\/wp-json\/wp\/v2\/users\/8"}],"replies":[{"embeddable":true,"href":"https:\/\/scanlab.pl\/de\/wp-json\/wp\/v2\/comments?post=4990"}],"version-history":[{"count":19,"href":"https:\/\/scanlab.pl\/de\/wp-json\/wp\/v2\/pages\/4990\/revisions"}],"predecessor-version":[{"id":6116,"href":"https:\/\/scanlab.pl\/de\/wp-json\/wp\/v2\/pages\/4990\/revisions\/6116"}],"wp:attachment":[{"href":"https:\/\/scanlab.pl\/de\/wp-json\/wp\/v2\/media?parent=4990"}],"curies":[{"name":"wp","href":"https:\/\/api.w.org\/{rel}","templated":true}]}}